{"id":5671,"date":"2023-02-08T12:29:57","date_gmt":"2023-02-08T11:29:57","guid":{"rendered":"https:\/\/www.puntoverdehotel.it\/hotel\/perche-sceglierci\/"},"modified":"2023-03-02T10:37:23","modified_gmt":"2023-03-02T09:37:23","slug":"warum-sie-uns-waelen","status":"publish","type":"page","link":"https:\/\/www.puntoverdehotel.it\/de\/hotel\/warum-sie-uns-waelen\/","title":{"rendered":"Warum Sie uns w\u00e4len"},"content":{"rendered":"\t\t<div data-elementor-type=\"wp-page\" data-elementor-id=\"5671\" class=\"elementor elementor-5671 elementor-4465\">\n\t\t\t\t\t\t<section class=\"elementor-section elementor-top-section elementor-element elementor-element-7b460a2 elementor-section-full_width elementor-section-height-default elementor-section-height-default\" data-id=\"7b460a2\" data-element_type=\"section\" data-e-type=\"section\" data-settings=\"{&quot;background_background&quot;:&quot;classic&quot;,&quot;shape_divider_bottom&quot;:&quot;wave-brush&quot;}\">\n\t\t\t\t\t\t\t<div class=\"elementor-background-overlay\"><\/div>\n\t\t\t\t\t\t<div class=\"elementor-shape elementor-shape-bottom\" aria-hidden=\"true\" data-negative=\"false\">\n\t\t\t<svg xmlns=\"http:\/\/www.w3.org\/2000\/svg\" viewBox=\"0 0 283.5 27.8\" preserveAspectRatio=\"none\">\n\t<path class=\"elementor-shape-fill\" d=\"M283.5,9.7c0,0-7.3,4.3-14,4.6c-6.8,0.3-12.6,0-20.9-1.5c-11.3-2-33.1-10.1-44.7-5.7\ts-12.1,4.6-18,7.4c-6.6,3.2-20,9.6-36.6,9.3C131.6,23.5,99.5,7.2,86.3,8c-1.4,0.1-6.6,0.8-10.5,2c-3.8,1.2-9.4,3.8-17,4.7\tc-3.2,0.4-8.3,1.1-14.2,0.9c-1.5-0.1-6.3-0.4-12-1.6c-5.7-1.2-11-3.1-15.8-3.7C6.5,9.2,0,10.8,0,10.8V0h283.5V9.7z M260.8,11.3\tc-0.7-1-2-0.4-4.3-0.4c-2.3,0-6.1-1.2-5.8-1.1c0.3,0.1,3.1,1.5,6,1.9C259.7,12.2,261.4,12.3,260.8,11.3z M242.4,8.6\tc0,0-2.4-0.2-5.6-0.9c-3.2-0.8-10.3-2.8-15.1-3.5c-8.2-1.1-15.8,0-15.1,0.1c0.8,0.1,9.6-0.6,17.6,1.1c3.3,0.7,9.3,2.2,12.4,2.7\tC239.9,8.7,242.4,8.6,242.4,8.6z M185.2,8.5c1.7-0.7-13.3,4.7-18.5,6.1c-2.1,0.6-6.2,1.6-10,2c-3.9,0.4-8.9,0.4-8.8,0.5\tc0,0.2,5.8,0.8,11.2,0c5.4-0.8,5.2-1.1,7.6-1.6C170.5,14.7,183.5,9.2,185.2,8.5z M199.1,6.9c0.2,0-0.8-0.4-4.8,1.1\tc-4,1.5-6.7,3.5-6.9,3.7c-0.2,0.1,3.5-1.8,6.6-3C197,7.5,199,6.9,199.1,6.9z M283,6c-0.1,0.1-1.9,1.1-4.8,2.5s-6.9,2.8-6.7,2.7\tc0.2,0,3.5-0.6,7.4-2.5C282.8,6.8,283.1,5.9,283,6z M31.3,11.6c0.1-0.2-1.9-0.2-4.5-1.2s-5.4-1.6-7.8-2C15,7.6,7.3,8.5,7.7,8.6\tC8,8.7,15.9,8.3,20.2,9.3c2.2,0.5,2.4,0.5,5.7,1.6S31.2,11.9,31.3,11.6z M73,9.2c0.4-0.1,3.5-1.6,8.4-2.6c4.9-1.1,8.9-0.5,8.9-0.8\tc0-0.3-1-0.9-6.2-0.3S72.6,9.3,73,9.2z M71.6,6.7C71.8,6.8,75,5.4,77.3,5c2.3-0.3,1.9-0.5,1.9-0.6c0-0.1-1.1-0.2-2.7,0.2\tC74.8,5.1,71.4,6.6,71.6,6.7z M93.6,4.4c0.1,0.2,3.5,0.8,5.6,1.8c2.1,1,1.8,0.6,1.9,0.5c0.1-0.1-0.8-0.8-2.4-1.3\tC97.1,4.8,93.5,4.2,93.6,4.4z M65.4,11.1c-0.1,0.3,0.3,0.5,1.9-0.2s2.6-1.3,2.2-1.2s-0.9,0.4-2.5,0.8C65.3,10.9,65.5,10.8,65.4,11.1\tz M34.5,12.4c-0.2,0,2.1,0.8,3.3,0.9c1.2,0.1,2,0.1,2-0.2c0-0.3-0.1-0.5-1.6-0.4C36.6,12.8,34.7,12.4,34.5,12.4z M152.2,21.1\tc-0.1,0.1-2.4-0.3-7.5-0.3c-5,0-13.6-2.4-17.2-3.5c-3.6-1.1,10,3.9,16.5,4.1C150.5,21.6,152.3,21,152.2,21.1z\"\/>\n\t<path class=\"elementor-shape-fill\" d=\"M269.6,18c-0.1-0.1-4.6,0.3-7.2,0c-7.3-0.7-17-3.2-16.6-2.9c0.4,0.3,13.7,3.1,17,3.3\tC267.7,18.8,269.7,18,269.6,18z\"\/>\n\t<path class=\"elementor-shape-fill\" d=\"M227.4,9.8c-0.2-0.1-4.5-1-9.5-1.2c-5-0.2-12.7,0.6-12.3,0.5c0.3-0.1,5.9-1.8,13.3-1.2\tS227.6,9.9,227.4,9.8z\"\/>\n\t<path class=\"elementor-shape-fill\" d=\"M204.5,13.4c-0.1-0.1,2-1,3.2-1.1c1.2-0.1,2,0,2,0.3c0,0.3-0.1,0.5-1.6,0.4\tC206.4,12.9,204.6,13.5,204.5,13.4z\"\/>\n\t<path class=\"elementor-shape-fill\" d=\"M201,10.6c0-0.1-4.4,1.2-6.3,2.2c-1.9,0.9-6.2,3.1-6.1,3.1c0.1,0.1,4.2-1.6,6.3-2.6\tS201,10.7,201,10.6z\"\/>\n\t<path class=\"elementor-shape-fill\" d=\"M154.5,26.7c-0.1-0.1-4.6,0.3-7.2,0c-7.3-0.7-17-3.2-16.6-2.9c0.4,0.3,13.7,3.1,17,3.3\tC152.6,27.5,154.6,26.8,154.5,26.7z\"\/>\n\t<path class=\"elementor-shape-fill\" d=\"M41.9,19.3c0,0,1.2-0.3,2.9-0.1c1.7,0.2,5.8,0.9,8.2,0.7c4.2-0.4,7.4-2.7,7-2.6\tc-0.4,0-4.3,2.2-8.6,1.9c-1.8-0.1-5.1-0.5-6.7-0.4S41.9,19.3,41.9,19.3z\"\/>\n\t<path class=\"elementor-shape-fill\" d=\"M75.5,12.6c0.2,0.1,2-0.8,4.3-1.1c2.3-0.2,2.1-0.3,2.1-0.5c0-0.1-1.8-0.4-3.4,0\tC76.9,11.5,75.3,12.5,75.5,12.6z\"\/>\n\t<path class=\"elementor-shape-fill\" d=\"M15.6,13.2c0-0.1,4.3,0,6.7,0.5c2.4,0.5,5,1.9,5,2c0,0.1-2.7-0.8-5.1-1.4\tC19.9,13.7,15.7,13.3,15.6,13.2z\"\/>\n<\/svg>\t\t<\/div>\n\t\t\t\t\t<div class=\"elementor-container elementor-column-gap-no\">\n\t\t\t\t\t<div class=\"elementor-column elementor-col-100 elementor-top-column elementor-element elementor-element-3b80ef6\" data-id=\"3b80ef6\" data-element_type=\"column\" data-e-type=\"column\">\n\t\t\t<div class=\"elementor-widget-wrap elementor-element-populated\">\n\t\t\t\t\t\t<div class=\"elementor-element elementor-element-ce61ad4 elementor-widget elementor-widget-spacer\" data-id=\"ce61ad4\" data-element_type=\"widget\" data-e-type=\"widget\" data-widget_type=\"spacer.default\">\n\t\t\t\t<div class=\"elementor-widget-container\">\n\t\t\t\t\t\t\t<div class=\"elementor-spacer\">\n\t\t\t<div class=\"elementor-spacer-inner\"><\/div>\n\t\t<\/div>\n\t\t\t\t\t\t<\/div>\n\t\t\t\t<\/div>\n\t\t\t\t\t<\/div>\n\t\t<\/div>\n\t\t\t\t\t<\/div>\n\t\t<\/section>\n\t\t\t\t<section class=\"elementor-section elementor-top-section elementor-element elementor-element-ed82781 elementor-section-boxed elementor-section-height-default elementor-section-height-default\" data-id=\"ed82781\" data-element_type=\"section\" data-e-type=\"section\">\n\t\t\t\t\t\t<div class=\"elementor-container elementor-column-gap-wider\">\n\t\t\t\t\t<div class=\"elementor-column elementor-col-100 elementor-top-column elementor-element elementor-element-9534956\" data-id=\"9534956\" data-element_type=\"column\" data-e-type=\"column\">\n\t\t\t<div class=\"elementor-widget-wrap elementor-element-populated\">\n\t\t\t\t\t\t<div class=\"elementor-element elementor-element-2c2eff21 heading-default elementor-widget elementor-widget-mae-headings\" data-id=\"2c2eff21\" data-element_type=\"widget\" data-e-type=\"widget\" data-widget_type=\"mae-headings.default\">\n\t\t\t\t<div class=\"elementor-widget-container\">\n\t\t\t\t\t\t\t<div class=\"master-heading sep-none\">\n\t\t\t\t        \t        \t<div class=\"pre-heading\"><span class=\"line\"><span class=\"inner\"><\/span><\/span>Warum Sie uns w\u00e4hlen<\/div>\n\t        \n\t        \n\t        \n\t        \n\t        \t    <\/div>\n\t    \t\t\t\t<\/div>\n\t\t\t\t<\/div>\n\t\t\t\t<div class=\"elementor-element elementor-element-47c9c89b elementor-widget elementor-widget-spacer\" data-id=\"47c9c89b\" data-element_type=\"widget\" data-e-type=\"widget\" data-widget_type=\"spacer.default\">\n\t\t\t\t<div class=\"elementor-widget-container\">\n\t\t\t\t\t\t\t<div class=\"elementor-spacer\">\n\t\t\t<div class=\"elementor-spacer-inner\"><\/div>\n\t\t<\/div>\n\t\t\t\t\t\t<\/div>\n\t\t\t\t<\/div>\n\t\t\t\t<div class=\"elementor-element elementor-element-eeb6e0d elementor-widget elementor-widget-text-editor\" data-id=\"eeb6e0d\" data-element_type=\"widget\" data-e-type=\"widget\" data-widget_type=\"text-editor.default\">\n\t\t\t\t<div class=\"elementor-widget-container\">\n\t\t\t\t\t\t\t\t\t<p>Das Punto Verde ist der richtige Ort f\u00fcr Sie, wenn Sie Kinder haben, wenn Sie sich entspannen wollen, wenn Sie alles ohne Auto erreichen wollen. Besichtigen Sie unsere wunderbare Insel mit den Ratschl\u00e4gen von Matteo und Romina \u00fcber die sch\u00f6nsten Spazierg\u00e4nge, Radtouren usw. usw&#8230;<\/p><p>Wenn Sie ein Hotel auf der Insel Elba suchen, das Ihnen einen ruhigen und entspannten Urlaub, einen ausgezeichneten Empfang und die M\u00f6glichkeit, den Strand in nur 2 Minuten zu Fu\u00df zu erreichen, garantiert, ist das Hotel Punto Verde das richtige Hotel f\u00fcr Ihren Aufenthalt.<\/p>\t\t\t\t\t\t\t\t<\/div>\n\t\t\t\t<\/div>\n\t\t\t\t<div class=\"elementor-element elementor-element-585e2cc elementor-widget elementor-widget-spacer\" data-id=\"585e2cc\" data-element_type=\"widget\" data-e-type=\"widget\" data-widget_type=\"spacer.default\">\n\t\t\t\t<div class=\"elementor-widget-container\">\n\t\t\t\t\t\t\t<div class=\"elementor-spacer\">\n\t\t\t<div class=\"elementor-spacer-inner\"><\/div>\n\t\t<\/div>\n\t\t\t\t\t\t<\/div>\n\t\t\t\t<\/div>\n\t\t\t\t<div class=\"elementor-element elementor-element-770b82a icon-default elementor-widget elementor-widget-mae-list\" data-id=\"770b82a\" data-element_type=\"widget\" data-e-type=\"widget\" data-widget_type=\"mae-list.default\">\n\t\t\t\t<div class=\"elementor-widget-container\">\n\t\t\t\t\t\n\t\t<div class=\"master-list\">\n\t\t\t\t\t\t\t<div class=\"master-icon-text list-item\">\n\t\t\t        <div class=\"icon-wrap\">\n\t\t\t\t        <i aria-hidden=\"true\" class=\"ci-tick\"><\/i>\t\t\t        <\/div> \n\n\t\t\t        <div class=\"content-wrap\">\n\t\t\t            Gastfreundschaft, freundliches und aufmerksames Personal\t\t\t        <\/div>\n\t\t\t    <\/div>\n\t\t    \t\t\t\t<div class=\"master-icon-text list-item\">\n\t\t\t        <div class=\"icon-wrap\">\n\t\t\t\t        <i aria-hidden=\"true\" class=\"ci-tick\"><\/i>\t\t\t        <\/div> \n\n\t\t\t        <div class=\"content-wrap\">\n\t\t\t            Strategischer Standort\t\t\t        <\/div>\n\t\t\t    <\/div>\n\t\t    \t\t\t\t<div class=\"master-icon-text list-item\">\n\t\t\t        <div class=\"icon-wrap\">\n\t\t\t\t        <i aria-hidden=\"true\" class=\"ci-tick\"><\/i>\t\t\t        <\/div> \n\n\t\t\t        <div class=\"content-wrap\">\n\t\t\t            Informelle und famili\u00e4re Atmosph\u00e4re\t\t\t        <\/div>\n\t\t\t    <\/div>\n\t\t    \t\t\t\t<div class=\"master-icon-text list-item\">\n\t\t\t        <div class=\"icon-wrap\">\n\t\t\t\t        <i aria-hidden=\"true\" class=\"ci-tick\"><\/i>\t\t\t        <\/div> \n\n\t\t\t        <div class=\"content-wrap\">\n\t\t\t            Der Schutz der Umwelt ist eine unserer Priorit\u00e4ten\t\t\t        <\/div>\n\t\t\t    <\/div>\n\t\t    \t\t\t\t<div class=\"master-icon-text list-item\">\n\t\t\t        <div class=\"icon-wrap\">\n\t\t\t\t        <i aria-hidden=\"true\" class=\"ci-tick\"><\/i>\t\t\t        <\/div> \n\n\t\t\t        <div class=\"content-wrap\">\n\t\t\t            Verg\u00fcnstigungen: F\u00e4hre, Rents, Tauchausfl\u00fcge, gef\u00fchrte Ausfl\u00fcge usw\t\t\t        <\/div>\n\t\t\t    <\/div>\n\t\t    \t\t\t\t<div class=\"master-icon-text list-item\">\n\t\t\t        <div class=\"icon-wrap\">\n\t\t\t\t        <i aria-hidden=\"true\" class=\"ci-tick\"><\/i>\t\t\t        <\/div> \n\n\t\t\t        <div class=\"content-wrap\">\n\t\t\t            Sportler sind willkommen, und werden in Ihren Bed\u00fcrfnissen unterst\u00fctzt\t\t\t        <\/div>\n\t\t\t    <\/div>\n\t\t    \t\t\t\t<div class=\"master-icon-text list-item\">\n\t\t\t        <div class=\"icon-wrap\">\n\t\t\t\t        <i aria-hidden=\"true\" class=\"ci-tick\"><\/i>\t\t\t        <\/div> \n\n\t\t\t        <div class=\"content-wrap\">\n\t\t\t            Haustierfreundlich\t\t\t        <\/div>\n\t\t\t    <\/div>\n\t\t    \t\t\t\t<div class=\"master-icon-text list-item\">\n\t\t\t        <div class=\"icon-wrap\">\n\t\t\t\t        <i aria-hidden=\"true\" class=\"ci-tick\"><\/i>\t\t\t        <\/div> \n\n\t\t\t        <div class=\"content-wrap\">\n\t\t\t            Kinder sind unsere liebsten G\u00e4ste!\t\t\t        <\/div>\n\t\t\t    <\/div>\n\t\t    \t\t\t\t<div class=\"master-icon-text list-item\">\n\t\t\t        <div class=\"icon-wrap\">\n\t\t\t\t        <i aria-hidden=\"true\" class=\"ci-tick\"><\/i>\t\t\t        <\/div> \n\n\t\t\t        <div class=\"content-wrap\">\n\t\t\t            Qualitatives, reichhaltiges und abwechslungsreiches Fr\u00fchst\u00fcck bis in den sp\u00e4ten Vormittag\t\t\t        <\/div>\n\t\t\t    <\/div>\n\t\t    \t\t\t\t<div class=\"master-icon-text list-item\">\n\t\t\t        <div class=\"icon-wrap\">\n\t\t\t\t        <i aria-hidden=\"true\" class=\"ci-tick\"><\/i>\t\t\t        <\/div> \n\n\t\t\t        <div class=\"content-wrap\">\n\t\t\t            Besonderes Augenmerk auf di\u00e4tetische Bed\u00fcrfnisse, bei uns finden Sie Produkte ohne Gluten, Laktose, Zucker, Hefe, etc...\t\t\t        <\/div>\n\t\t\t    <\/div>\n\t\t    \t\t\t\t<div class=\"master-icon-text list-item\">\n\t\t\t        <div class=\"icon-wrap\">\n\t\t\t\t        <i aria-hidden=\"true\" class=\"ci-tick\"><\/i>\t\t\t        <\/div> \n\n\t\t\t        <div class=\"content-wrap\">\n\t\t\t            Egal welcher Di\u00e4t Sie folgen (vegetarisch, vegan, ketogenen, etc. und cc) Sie m\u00fcssen sich um nichts k\u00fcmmern, wir werden sie zufriedenstellen!\t\t\t        <\/div>\n\t\t\t    <\/div>\n\t\t    \t\t<\/div>\n\t\t\t\t\t<\/div>\n\t\t\t\t<\/div>\n\t\t\t\t<div class=\"elementor-element elementor-element-9d7353f elementor-widget elementor-widget-spacer\" data-id=\"9d7353f\" data-element_type=\"widget\" data-e-type=\"widget\" data-widget_type=\"spacer.default\">\n\t\t\t\t<div class=\"elementor-widget-container\">\n\t\t\t\t\t\t\t<div class=\"elementor-spacer\">\n\t\t\t<div class=\"elementor-spacer-inner\"><\/div>\n\t\t<\/div>\n\t\t\t\t\t\t<\/div>\n\t\t\t\t<\/div>\n\t\t\t\t\t<\/div>\n\t\t<\/div>\n\t\t\t\t\t<\/div>\n\t\t<\/section>\n\t\t\t\t<\/div>\n\t\t","protected":false},"excerpt":{"rendered":"<p>Warum Sie uns w\u00e4hlen Das Punto Verde ist der richtige Ort f\u00fcr Sie, wenn Sie Kinder haben, wenn Sie sich entspannen wollen, wenn Sie alles ohne Auto erreichen wollen. Besichtigen Sie unsere wunderbare Insel mit den Ratschl\u00e4gen von Matteo und Romina \u00fcber die sch\u00f6nsten Spazierg\u00e4nge, Radtouren usw. usw&#8230; Wenn Sie<\/p>\n","protected":false},"author":1,"featured_media":0,"parent":5592,"menu_order":3,"comment_status":"closed","ping_status":"closed","template":"elementor_header_footer","meta":{"inline_featured_image":false,"_joinchat":[],"footnotes":""},"class_list":["post-5671","page","type-page","status-publish","hentry"],"yoast_head":"<!-- This site is optimized with the Yoast SEO plugin v27.3 - https:\/\/yoast.com\/product\/yoast-seo-wordpress\/ -->\n<title>Warum Sie uns w\u00e4len - Hotel Punto Verde - Marina di Campo, Insel Elba<\/title>\n<meta name=\"description\" content=\"Das Punto Verde ist der richtige Ort f\u00fcr Sie, wenn Sie Kinder haben, wenn Sie sich entspannen wollen, wenn Sie alles ohne Auto erreichen wollen.\" \/>\n<meta name=\"robots\" content=\"index, follow, max-snippet:-1, max-image-preview:large, max-video-preview:-1\" \/>\n<link rel=\"canonical\" href=\"https:\/\/www.puntoverdehotel.it\/de\/hotel\/warum-sie-uns-waelen\/\" \/>\n<meta property=\"og:locale\" content=\"de_DE\" \/>\n<meta property=\"og:type\" content=\"article\" \/>\n<meta property=\"og:title\" content=\"Warum Sie uns w\u00e4len - Hotel Punto Verde - Marina di Campo, Insel Elba\" \/>\n<meta property=\"og:description\" content=\"Das Punto Verde ist der richtige Ort f\u00fcr Sie, wenn Sie Kinder haben, wenn Sie sich entspannen wollen, wenn Sie alles ohne Auto erreichen wollen.\" \/>\n<meta property=\"og:url\" content=\"https:\/\/www.puntoverdehotel.it\/de\/hotel\/warum-sie-uns-waelen\/\" \/>\n<meta property=\"og:site_name\" content=\"Hotel Punto Verde\" \/>\n<meta property=\"article:publisher\" content=\"https:\/\/www.facebook.com\/HotelPuntoVerde\" \/>\n<meta property=\"article:modified_time\" content=\"2023-03-02T09:37:23+00:00\" \/>\n<meta name=\"twitter:card\" content=\"summary_large_image\" \/>\n<meta name=\"twitter:label1\" content=\"Gesch\u00e4tzte Lesezeit\" \/>\n\t<meta name=\"twitter:data1\" content=\"2\u00a0Minuten\" \/>\n<script type=\"application\/ld+json\" class=\"yoast-schema-graph\">{\"@context\":\"https:\\\/\\\/schema.org\",\"@graph\":[{\"@type\":\"WebPage\",\"@id\":\"https:\\\/\\\/www.puntoverdehotel.it\\\/de\\\/hotel\\\/warum-sie-uns-waelen\\\/\",\"url\":\"https:\\\/\\\/www.puntoverdehotel.it\\\/de\\\/hotel\\\/warum-sie-uns-waelen\\\/\",\"name\":\"Warum Sie uns w\u00e4len - Hotel Punto Verde - Marina di Campo, Insel Elba\",\"isPartOf\":{\"@id\":\"https:\\\/\\\/www.puntoverdehotel.it\\\/de\\\/#website\"},\"datePublished\":\"2023-02-08T11:29:57+00:00\",\"dateModified\":\"2023-03-02T09:37:23+00:00\",\"description\":\"Das Punto Verde ist der richtige Ort f\u00fcr Sie, wenn Sie Kinder haben, wenn Sie sich entspannen wollen, wenn Sie alles ohne Auto erreichen wollen.\",\"breadcrumb\":{\"@id\":\"https:\\\/\\\/www.puntoverdehotel.it\\\/de\\\/hotel\\\/warum-sie-uns-waelen\\\/#breadcrumb\"},\"inLanguage\":\"de\",\"potentialAction\":[{\"@type\":\"ReadAction\",\"target\":[\"https:\\\/\\\/www.puntoverdehotel.it\\\/de\\\/hotel\\\/warum-sie-uns-waelen\\\/\"]}]},{\"@type\":\"BreadcrumbList\",\"@id\":\"https:\\\/\\\/www.puntoverdehotel.it\\\/de\\\/hotel\\\/warum-sie-uns-waelen\\\/#breadcrumb\",\"itemListElement\":[{\"@type\":\"ListItem\",\"position\":1,\"name\":\"Home\",\"item\":\"https:\\\/\\\/www.puntoverdehotel.it\\\/de\\\/\"},{\"@type\":\"ListItem\",\"position\":2,\"name\":\"Hotel\",\"item\":\"https:\\\/\\\/www.puntoverdehotel.it\\\/de\\\/hotel\\\/\"},{\"@type\":\"ListItem\",\"position\":3,\"name\":\"Warum Sie uns w\u00e4len\"}]},{\"@type\":\"WebSite\",\"@id\":\"https:\\\/\\\/www.puntoverdehotel.it\\\/de\\\/#website\",\"url\":\"https:\\\/\\\/www.puntoverdehotel.it\\\/de\\\/\",\"name\":\"Hotel Punto Verde\",\"description\":\"Marina di Campo, Insel Elba\",\"publisher\":{\"@id\":\"https:\\\/\\\/www.puntoverdehotel.it\\\/de\\\/#organization\"},\"potentialAction\":[{\"@type\":\"SearchAction\",\"target\":{\"@type\":\"EntryPoint\",\"urlTemplate\":\"https:\\\/\\\/www.puntoverdehotel.it\\\/de\\\/?s={search_term_string}\"},\"query-input\":{\"@type\":\"PropertyValueSpecification\",\"valueRequired\":true,\"valueName\":\"search_term_string\"}}],\"inLanguage\":\"de\"},{\"@type\":\"Organization\",\"@id\":\"https:\\\/\\\/www.puntoverdehotel.it\\\/de\\\/#organization\",\"name\":\"Hotel Punto Verde\",\"url\":\"https:\\\/\\\/www.puntoverdehotel.it\\\/de\\\/\",\"logo\":{\"@type\":\"ImageObject\",\"inLanguage\":\"de\",\"@id\":\"https:\\\/\\\/www.puntoverdehotel.it\\\/de\\\/#\\\/schema\\\/logo\\\/image\\\/\",\"url\":\"https:\\\/\\\/www.puntoverdehotel.it\\\/wp-content\\\/uploads\\\/hotel_punto_verde-1.png\",\"contentUrl\":\"https:\\\/\\\/www.puntoverdehotel.it\\\/wp-content\\\/uploads\\\/hotel_punto_verde-1.png\",\"width\":500,\"height\":124,\"caption\":\"Hotel Punto Verde\"},\"image\":{\"@id\":\"https:\\\/\\\/www.puntoverdehotel.it\\\/de\\\/#\\\/schema\\\/logo\\\/image\\\/\"},\"sameAs\":[\"https:\\\/\\\/www.facebook.com\\\/HotelPuntoVerde\",\"https:\\\/\\\/www.instagram.com\\\/hotel_puntoverde\\\/\"]}]}<\/script>\n<!-- \/ Yoast SEO plugin. -->","yoast_head_json":{"title":"Warum Sie uns w\u00e4len - Hotel Punto Verde - Marina di Campo, Insel Elba","description":"Das Punto Verde ist der richtige Ort f\u00fcr Sie, wenn Sie Kinder haben, wenn Sie sich entspannen wollen, wenn Sie alles ohne Auto erreichen wollen.","robots":{"index":"index","follow":"follow","max-snippet":"max-snippet:-1","max-image-preview":"max-image-preview:large","max-video-preview":"max-video-preview:-1"},"canonical":"https:\/\/www.puntoverdehotel.it\/de\/hotel\/warum-sie-uns-waelen\/","og_locale":"de_DE","og_type":"article","og_title":"Warum Sie uns w\u00e4len - Hotel Punto Verde - Marina di Campo, Insel Elba","og_description":"Das Punto Verde ist der richtige Ort f\u00fcr Sie, wenn Sie Kinder haben, wenn Sie sich entspannen wollen, wenn Sie alles ohne Auto erreichen wollen.","og_url":"https:\/\/www.puntoverdehotel.it\/de\/hotel\/warum-sie-uns-waelen\/","og_site_name":"Hotel Punto Verde","article_publisher":"https:\/\/www.facebook.com\/HotelPuntoVerde","article_modified_time":"2023-03-02T09:37:23+00:00","twitter_card":"summary_large_image","twitter_misc":{"Gesch\u00e4tzte Lesezeit":"2\u00a0Minuten"},"schema":{"@context":"https:\/\/schema.org","@graph":[{"@type":"WebPage","@id":"https:\/\/www.puntoverdehotel.it\/de\/hotel\/warum-sie-uns-waelen\/","url":"https:\/\/www.puntoverdehotel.it\/de\/hotel\/warum-sie-uns-waelen\/","name":"Warum Sie uns w\u00e4len - Hotel Punto Verde - Marina di Campo, Insel Elba","isPartOf":{"@id":"https:\/\/www.puntoverdehotel.it\/de\/#website"},"datePublished":"2023-02-08T11:29:57+00:00","dateModified":"2023-03-02T09:37:23+00:00","description":"Das Punto Verde ist der richtige Ort f\u00fcr Sie, wenn Sie Kinder haben, wenn Sie sich entspannen wollen, wenn Sie alles ohne Auto erreichen wollen.","breadcrumb":{"@id":"https:\/\/www.puntoverdehotel.it\/de\/hotel\/warum-sie-uns-waelen\/#breadcrumb"},"inLanguage":"de","potentialAction":[{"@type":"ReadAction","target":["https:\/\/www.puntoverdehotel.it\/de\/hotel\/warum-sie-uns-waelen\/"]}]},{"@type":"BreadcrumbList","@id":"https:\/\/www.puntoverdehotel.it\/de\/hotel\/warum-sie-uns-waelen\/#breadcrumb","itemListElement":[{"@type":"ListItem","position":1,"name":"Home","item":"https:\/\/www.puntoverdehotel.it\/de\/"},{"@type":"ListItem","position":2,"name":"Hotel","item":"https:\/\/www.puntoverdehotel.it\/de\/hotel\/"},{"@type":"ListItem","position":3,"name":"Warum Sie uns w\u00e4len"}]},{"@type":"WebSite","@id":"https:\/\/www.puntoverdehotel.it\/de\/#website","url":"https:\/\/www.puntoverdehotel.it\/de\/","name":"Hotel Punto Verde","description":"Marina di Campo, Insel Elba","publisher":{"@id":"https:\/\/www.puntoverdehotel.it\/de\/#organization"},"potentialAction":[{"@type":"SearchAction","target":{"@type":"EntryPoint","urlTemplate":"https:\/\/www.puntoverdehotel.it\/de\/?s={search_term_string}"},"query-input":{"@type":"PropertyValueSpecification","valueRequired":true,"valueName":"search_term_string"}}],"inLanguage":"de"},{"@type":"Organization","@id":"https:\/\/www.puntoverdehotel.it\/de\/#organization","name":"Hotel Punto Verde","url":"https:\/\/www.puntoverdehotel.it\/de\/","logo":{"@type":"ImageObject","inLanguage":"de","@id":"https:\/\/www.puntoverdehotel.it\/de\/#\/schema\/logo\/image\/","url":"https:\/\/www.puntoverdehotel.it\/wp-content\/uploads\/hotel_punto_verde-1.png","contentUrl":"https:\/\/www.puntoverdehotel.it\/wp-content\/uploads\/hotel_punto_verde-1.png","width":500,"height":124,"caption":"Hotel Punto Verde"},"image":{"@id":"https:\/\/www.puntoverdehotel.it\/de\/#\/schema\/logo\/image\/"},"sameAs":["https:\/\/www.facebook.com\/HotelPuntoVerde","https:\/\/www.instagram.com\/hotel_puntoverde\/"]}]}},"_links":{"self":[{"href":"https:\/\/www.puntoverdehotel.it\/de\/wp-json\/wp\/v2\/pages\/5671","targetHints":{"allow":["GET"]}}],"collection":[{"href":"https:\/\/www.puntoverdehotel.it\/de\/wp-json\/wp\/v2\/pages"}],"about":[{"href":"https:\/\/www.puntoverdehotel.it\/de\/wp-json\/wp\/v2\/types\/page"}],"author":[{"embeddable":true,"href":"https:\/\/www.puntoverdehotel.it\/de\/wp-json\/wp\/v2\/users\/1"}],"replies":[{"embeddable":true,"href":"https:\/\/www.puntoverdehotel.it\/de\/wp-json\/wp\/v2\/comments?post=5671"}],"version-history":[{"count":10,"href":"https:\/\/www.puntoverdehotel.it\/de\/wp-json\/wp\/v2\/pages\/5671\/revisions"}],"predecessor-version":[{"id":5682,"href":"https:\/\/www.puntoverdehotel.it\/de\/wp-json\/wp\/v2\/pages\/5671\/revisions\/5682"}],"up":[{"embeddable":true,"href":"https:\/\/www.puntoverdehotel.it\/de\/wp-json\/wp\/v2\/pages\/5592"}],"wp:attachment":[{"href":"https:\/\/www.puntoverdehotel.it\/de\/wp-json\/wp\/v2\/media?parent=5671"}],"curies":[{"name":"wp","href":"https:\/\/api.w.org\/{rel}","templated":true}]}}