{"id":5592,"date":"2023-01-25T17:07:28","date_gmt":"2023-01-25T16:07:28","guid":{"rendered":"https:\/\/www.puntoverdehotel.it\/hotel\/"},"modified":"2024-05-30T09:30:56","modified_gmt":"2024-05-30T07:30:56","slug":"hotel","status":"publish","type":"page","link":"https:\/\/www.puntoverdehotel.it\/de\/hotel\/","title":{"rendered":"Hotel"},"content":{"rendered":"\t\t<div data-elementor-type=\"wp-page\" data-elementor-id=\"5592\" class=\"elementor elementor-5592 elementor-2379\">\n\t\t\t\t\t\t<section class=\"elementor-section elementor-top-section elementor-element elementor-element-7b460a2 elementor-section-full_width elementor-section-height-default elementor-section-height-default\" data-id=\"7b460a2\" data-element_type=\"section\" data-e-type=\"section\" data-settings=\"{&quot;background_background&quot;:&quot;classic&quot;,&quot;shape_divider_bottom&quot;:&quot;wave-brush&quot;}\">\n\t\t\t\t\t\t\t<div class=\"elementor-background-overlay\"><\/div>\n\t\t\t\t\t\t<div class=\"elementor-shape elementor-shape-bottom\" aria-hidden=\"true\" data-negative=\"false\">\n\t\t\t<svg xmlns=\"http:\/\/www.w3.org\/2000\/svg\" viewBox=\"0 0 283.5 27.8\" preserveAspectRatio=\"none\">\n\t<path class=\"elementor-shape-fill\" d=\"M283.5,9.7c0,0-7.3,4.3-14,4.6c-6.8,0.3-12.6,0-20.9-1.5c-11.3-2-33.1-10.1-44.7-5.7\ts-12.1,4.6-18,7.4c-6.6,3.2-20,9.6-36.6,9.3C131.6,23.5,99.5,7.2,86.3,8c-1.4,0.1-6.6,0.8-10.5,2c-3.8,1.2-9.4,3.8-17,4.7\tc-3.2,0.4-8.3,1.1-14.2,0.9c-1.5-0.1-6.3-0.4-12-1.6c-5.7-1.2-11-3.1-15.8-3.7C6.5,9.2,0,10.8,0,10.8V0h283.5V9.7z M260.8,11.3\tc-0.7-1-2-0.4-4.3-0.4c-2.3,0-6.1-1.2-5.8-1.1c0.3,0.1,3.1,1.5,6,1.9C259.7,12.2,261.4,12.3,260.8,11.3z M242.4,8.6\tc0,0-2.4-0.2-5.6-0.9c-3.2-0.8-10.3-2.8-15.1-3.5c-8.2-1.1-15.8,0-15.1,0.1c0.8,0.1,9.6-0.6,17.6,1.1c3.3,0.7,9.3,2.2,12.4,2.7\tC239.9,8.7,242.4,8.6,242.4,8.6z M185.2,8.5c1.7-0.7-13.3,4.7-18.5,6.1c-2.1,0.6-6.2,1.6-10,2c-3.9,0.4-8.9,0.4-8.8,0.5\tc0,0.2,5.8,0.8,11.2,0c5.4-0.8,5.2-1.1,7.6-1.6C170.5,14.7,183.5,9.2,185.2,8.5z M199.1,6.9c0.2,0-0.8-0.4-4.8,1.1\tc-4,1.5-6.7,3.5-6.9,3.7c-0.2,0.1,3.5-1.8,6.6-3C197,7.5,199,6.9,199.1,6.9z M283,6c-0.1,0.1-1.9,1.1-4.8,2.5s-6.9,2.8-6.7,2.7\tc0.2,0,3.5-0.6,7.4-2.5C282.8,6.8,283.1,5.9,283,6z M31.3,11.6c0.1-0.2-1.9-0.2-4.5-1.2s-5.4-1.6-7.8-2C15,7.6,7.3,8.5,7.7,8.6\tC8,8.7,15.9,8.3,20.2,9.3c2.2,0.5,2.4,0.5,5.7,1.6S31.2,11.9,31.3,11.6z M73,9.2c0.4-0.1,3.5-1.6,8.4-2.6c4.9-1.1,8.9-0.5,8.9-0.8\tc0-0.3-1-0.9-6.2-0.3S72.6,9.3,73,9.2z M71.6,6.7C71.8,6.8,75,5.4,77.3,5c2.3-0.3,1.9-0.5,1.9-0.6c0-0.1-1.1-0.2-2.7,0.2\tC74.8,5.1,71.4,6.6,71.6,6.7z M93.6,4.4c0.1,0.2,3.5,0.8,5.6,1.8c2.1,1,1.8,0.6,1.9,0.5c0.1-0.1-0.8-0.8-2.4-1.3\tC97.1,4.8,93.5,4.2,93.6,4.4z M65.4,11.1c-0.1,0.3,0.3,0.5,1.9-0.2s2.6-1.3,2.2-1.2s-0.9,0.4-2.5,0.8C65.3,10.9,65.5,10.8,65.4,11.1\tz M34.5,12.4c-0.2,0,2.1,0.8,3.3,0.9c1.2,0.1,2,0.1,2-0.2c0-0.3-0.1-0.5-1.6-0.4C36.6,12.8,34.7,12.4,34.5,12.4z M152.2,21.1\tc-0.1,0.1-2.4-0.3-7.5-0.3c-5,0-13.6-2.4-17.2-3.5c-3.6-1.1,10,3.9,16.5,4.1C150.5,21.6,152.3,21,152.2,21.1z\"\/>\n\t<path class=\"elementor-shape-fill\" d=\"M269.6,18c-0.1-0.1-4.6,0.3-7.2,0c-7.3-0.7-17-3.2-16.6-2.9c0.4,0.3,13.7,3.1,17,3.3\tC267.7,18.8,269.7,18,269.6,18z\"\/>\n\t<path class=\"elementor-shape-fill\" d=\"M227.4,9.8c-0.2-0.1-4.5-1-9.5-1.2c-5-0.2-12.7,0.6-12.3,0.5c0.3-0.1,5.9-1.8,13.3-1.2\tS227.6,9.9,227.4,9.8z\"\/>\n\t<path class=\"elementor-shape-fill\" d=\"M204.5,13.4c-0.1-0.1,2-1,3.2-1.1c1.2-0.1,2,0,2,0.3c0,0.3-0.1,0.5-1.6,0.4\tC206.4,12.9,204.6,13.5,204.5,13.4z\"\/>\n\t<path class=\"elementor-shape-fill\" d=\"M201,10.6c0-0.1-4.4,1.2-6.3,2.2c-1.9,0.9-6.2,3.1-6.1,3.1c0.1,0.1,4.2-1.6,6.3-2.6\tS201,10.7,201,10.6z\"\/>\n\t<path class=\"elementor-shape-fill\" d=\"M154.5,26.7c-0.1-0.1-4.6,0.3-7.2,0c-7.3-0.7-17-3.2-16.6-2.9c0.4,0.3,13.7,3.1,17,3.3\tC152.6,27.5,154.6,26.8,154.5,26.7z\"\/>\n\t<path class=\"elementor-shape-fill\" d=\"M41.9,19.3c0,0,1.2-0.3,2.9-0.1c1.7,0.2,5.8,0.9,8.2,0.7c4.2-0.4,7.4-2.7,7-2.6\tc-0.4,0-4.3,2.2-8.6,1.9c-1.8-0.1-5.1-0.5-6.7-0.4S41.9,19.3,41.9,19.3z\"\/>\n\t<path class=\"elementor-shape-fill\" d=\"M75.5,12.6c0.2,0.1,2-0.8,4.3-1.1c2.3-0.2,2.1-0.3,2.1-0.5c0-0.1-1.8-0.4-3.4,0\tC76.9,11.5,75.3,12.5,75.5,12.6z\"\/>\n\t<path class=\"elementor-shape-fill\" d=\"M15.6,13.2c0-0.1,4.3,0,6.7,0.5c2.4,0.5,5,1.9,5,2c0,0.1-2.7-0.8-5.1-1.4\tC19.9,13.7,15.7,13.3,15.6,13.2z\"\/>\n<\/svg>\t\t<\/div>\n\t\t\t\t\t<div class=\"elementor-container elementor-column-gap-no\">\n\t\t\t\t\t<div class=\"elementor-column elementor-col-100 elementor-top-column elementor-element elementor-element-3b80ef6\" data-id=\"3b80ef6\" data-element_type=\"column\" data-e-type=\"column\">\n\t\t\t<div class=\"elementor-widget-wrap elementor-element-populated\">\n\t\t\t\t\t\t<div class=\"elementor-element elementor-element-ce61ad4 elementor-widget elementor-widget-spacer\" data-id=\"ce61ad4\" data-element_type=\"widget\" data-e-type=\"widget\" data-widget_type=\"spacer.default\">\n\t\t\t\t<div class=\"elementor-widget-container\">\n\t\t\t\t\t\t\t<div class=\"elementor-spacer\">\n\t\t\t<div class=\"elementor-spacer-inner\"><\/div>\n\t\t<\/div>\n\t\t\t\t\t\t<\/div>\n\t\t\t\t<\/div>\n\t\t\t\t\t<\/div>\n\t\t<\/div>\n\t\t\t\t\t<\/div>\n\t\t<\/section>\n\t\t\t\t<section class=\"elementor-section elementor-top-section elementor-element elementor-element-ed82781 elementor-section-boxed elementor-section-height-default elementor-section-height-default\" data-id=\"ed82781\" data-element_type=\"section\" data-e-type=\"section\">\n\t\t\t\t\t\t<div class=\"elementor-container elementor-column-gap-wider\">\n\t\t\t\t\t<div class=\"elementor-column elementor-col-100 elementor-top-column elementor-element elementor-element-9534956\" data-id=\"9534956\" data-element_type=\"column\" data-e-type=\"column\">\n\t\t\t<div class=\"elementor-widget-wrap elementor-element-populated\">\n\t\t\t\t\t\t<section class=\"elementor-section elementor-inner-section elementor-element elementor-element-2f6102e elementor-section-boxed elementor-section-height-default elementor-section-height-default\" data-id=\"2f6102e\" data-element_type=\"section\" data-e-type=\"section\">\n\t\t\t\t\t\t<div class=\"elementor-container elementor-column-gap-default\">\n\t\t\t\t\t<div class=\"elementor-column elementor-col-50 elementor-inner-column elementor-element elementor-element-3e36c53\" data-id=\"3e36c53\" data-element_type=\"column\" data-e-type=\"column\">\n\t\t\t<div class=\"elementor-widget-wrap elementor-element-populated\">\n\t\t\t\t\t\t<div class=\"elementor-element elementor-element-a596ccb heading-default elementor-widget elementor-widget-mae-headings\" data-id=\"a596ccb\" data-element_type=\"widget\" data-e-type=\"widget\" data-widget_type=\"mae-headings.default\">\n\t\t\t\t<div class=\"elementor-widget-container\">\n\t\t\t\t\t\t\t<div class=\"master-heading sep-none\">\n\t\t\t\t        \t        \t<div class=\"pre-heading\"><span class=\"line\"><span class=\"inner\"><\/span><\/span>Hotel <span style=\"display:inline-block; font-size:16px; vertical-align:text-top; padding-top:15px;\">\u2605 \u2605 \u2605<\/span><\/div>\n\t        \n\t        \n\t        \t        <h2 class=\"main-heading\">in Marina di Campo<\/h2>\n\t        \n\t        \n\t        \t    <\/div>\n\t    \t\t\t\t<\/div>\n\t\t\t\t<\/div>\n\t\t\t\t<div class=\"elementor-element elementor-element-b98ce24 elementor-widget elementor-widget-heading\" data-id=\"b98ce24\" data-element_type=\"widget\" data-e-type=\"widget\" data-widget_type=\"heading.default\">\n\t\t\t\t<div class=\"elementor-widget-container\">\n\t\t\t\t\t<h2 class=\"elementor-heading-title elementor-size-default\">Das Hotel Punto Verde wurde vor kurzem von Romina und Matteo, den beiden jungen Elbanischen Besitzern und Managern, mit einem k\u00fcnstlerischen und jugendlichen Touch renoviert.<\/h2>\t\t\t\t<\/div>\n\t\t\t\t<\/div>\n\t\t\t\t<div class=\"elementor-element elementor-element-823dff3 elementor-widget elementor-widget-text-editor\" data-id=\"823dff3\" data-element_type=\"widget\" data-e-type=\"widget\" data-widget_type=\"text-editor.default\">\n\t\t\t\t<div class=\"elementor-widget-container\">\n\t\t\t\t\t\t\t\t\tTerrassen mit wundersch\u00f6nen roten Blumen, tropischen Pflanzen, Majolikab\u00f6den und kunsthandwerklichen Dekorationen lassen Sie eine typisch mediterrane Atmosph\u00e4re geni\u00dfen.\t\t\t\t\t\t\t\t<\/div>\n\t\t\t\t<\/div>\n\t\t\t\t\t<\/div>\n\t\t<\/div>\n\t\t\t\t<div class=\"elementor-column elementor-col-50 elementor-inner-column elementor-element elementor-element-648fc0a\" data-id=\"648fc0a\" data-element_type=\"column\" data-e-type=\"column\">\n\t\t\t<div class=\"elementor-widget-wrap elementor-element-populated\">\n\t\t\t\t\t\t<div class=\"elementor-element elementor-element-c7a7a71 image-width-fit elementor-widget elementor-widget-mae-gallery-stack\" data-id=\"c7a7a71\" data-element_type=\"widget\" data-e-type=\"widget\" data-widget_type=\"mae-gallery-stack.default\">\n\t\t\t\t<div class=\"elementor-widget-container\">\n\t\t\t\t\t\t\t<div class=\"master-gallery-stack\">\n\t\t\t<div class=\"master-fancy-image elementor-repeater-item-b257372\" data-top=\"0px\" data-calcHeight=\"no\">\n\t\t\t\t\t\t\t\t\t\t<div class=\"image-wrap\"><img fetchpriority=\"high\" decoding=\"async\" width=\"570\" height=\"570\" src=\"https:\/\/www.puntoverdehotel.it\/wp-content\/uploads\/img_home_esterno_2.jpg\" class=\"attachment-full size-full\" alt=\"Hotel Punto Verde\" srcset=\"https:\/\/www.puntoverdehotel.it\/wp-content\/uploads\/img_home_esterno_2.jpg 570w, https:\/\/www.puntoverdehotel.it\/wp-content\/uploads\/img_home_esterno_2-300x300.jpg 300w, https:\/\/www.puntoverdehotel.it\/wp-content\/uploads\/img_home_esterno_2-150x150.jpg 150w, https:\/\/www.puntoverdehotel.it\/wp-content\/uploads\/img_home_esterno_2-370x370.jpg 370w, https:\/\/www.puntoverdehotel.it\/wp-content\/uploads\/img_home_esterno_2-60x60.jpg 60w\" sizes=\"(max-width: 570px) 100vw, 570px\" \/><\/div>\n\t\t\t\t\t\t\t\t\t<\/div><div class=\"master-fancy-image master-animation elementor-repeater-item-b88236e\" data-top=\"0px\" data-animation=\"fadeInUpSmall\" data-calcHeight=\"no\">\n\t\t\t\t\t\t\t\t\t<div class=\"image-wrap\"><img decoding=\"async\" width=\"570\" height=\"570\" src=\"https:\/\/www.puntoverdehotel.it\/wp-content\/uploads\/img_home_esterno_1.jpg\" class=\"attachment-full size-full\" alt=\"Punto Verde\" srcset=\"https:\/\/www.puntoverdehotel.it\/wp-content\/uploads\/img_home_esterno_1.jpg 570w, https:\/\/www.puntoverdehotel.it\/wp-content\/uploads\/img_home_esterno_1-300x300.jpg 300w, https:\/\/www.puntoverdehotel.it\/wp-content\/uploads\/img_home_esterno_1-150x150.jpg 150w, https:\/\/www.puntoverdehotel.it\/wp-content\/uploads\/img_home_esterno_1-370x370.jpg 370w, https:\/\/www.puntoverdehotel.it\/wp-content\/uploads\/img_home_esterno_1-60x60.jpg 60w\" sizes=\"(max-width: 570px) 100vw, 570px\" \/><\/div>\n\t\t\t\t\t\t\t\t<\/div><div class=\"master-shape master-animation elementor-repeater-item-df02c7c\" data-animation=\"fadeInUpLeft\"><\/div>\t\t<\/div>\n\t    \t\t\t\t<\/div>\n\t\t\t\t<\/div>\n\t\t\t\t\t<\/div>\n\t\t<\/div>\n\t\t\t\t\t<\/div>\n\t\t<\/section>\n\t\t\t\t<div class=\"elementor-element elementor-element-0637aac elementor-widget elementor-widget-spacer\" data-id=\"0637aac\" data-element_type=\"widget\" data-e-type=\"widget\" data-widget_type=\"spacer.default\">\n\t\t\t\t<div class=\"elementor-widget-container\">\n\t\t\t\t\t\t\t<div class=\"elementor-spacer\">\n\t\t\t<div class=\"elementor-spacer-inner\"><\/div>\n\t\t<\/div>\n\t\t\t\t\t\t<\/div>\n\t\t\t\t<\/div>\n\t\t\t\t<div class=\"elementor-element elementor-element-eeb6e0d elementor-widget elementor-widget-text-editor\" data-id=\"eeb6e0d\" data-element_type=\"widget\" data-e-type=\"widget\" data-widget_type=\"text-editor.default\">\n\t\t\t\t<div class=\"elementor-widget-container\">\n\t\t\t\t\t\t\t\t\t<b>Dank seiner strategischen Lage k\u00f6nnen Sie Allerlei Dienstleistungen fu\u00dfl\u00e4ufig in Anspruch nehmen, lassen Sie Ihr Auto auf dem Privatparkplatz stehen lassen und die sch\u00f6nsten Str\u00e4nde und charakteristischsten D\u00f6rfer der Insel im Handumdrehen erreichen.<\/b>\t\t\t\t\t\t\t\t<\/div>\n\t\t\t\t<\/div>\n\t\t\t\t<div class=\"elementor-element elementor-element-585e2cc elementor-widget elementor-widget-spacer\" data-id=\"585e2cc\" data-element_type=\"widget\" data-e-type=\"widget\" data-widget_type=\"spacer.default\">\n\t\t\t\t<div class=\"elementor-widget-container\">\n\t\t\t\t\t\t\t<div class=\"elementor-spacer\">\n\t\t\t<div class=\"elementor-spacer-inner\"><\/div>\n\t\t<\/div>\n\t\t\t\t\t\t<\/div>\n\t\t\t\t<\/div>\n\t\t\t\t<div class=\"elementor-element elementor-element-770b82a icon-default elementor-widget elementor-widget-mae-list\" data-id=\"770b82a\" data-element_type=\"widget\" data-e-type=\"widget\" data-widget_type=\"mae-list.default\">\n\t\t\t\t<div class=\"elementor-widget-container\">\n\t\t\t\t\t\n\t\t<div class=\"master-list\">\n\t\t\t\t\t\t\t<div class=\"master-icon-text list-item\">\n\t\t\t        <div class=\"icon-wrap\">\n\t\t\t\t        <i aria-hidden=\"true\" class=\"ci-tick\"><\/i>\t\t\t        <\/div> \n\n\t\t\t        <div class=\"content-wrap\">\n\t\t\t            Es liegt 150 m vom Strand von Marina di Campo und 10 Gehminuten vom Stadtzentrum entfernt.\t\t\t        <\/div>\n\t\t\t    <\/div>\n\t\t    \t\t\t\t<div class=\"master-icon-text list-item\">\n\t\t\t        <div class=\"icon-wrap\">\n\t\t\t\t        <i aria-hidden=\"true\" class=\"ci-tick\"><\/i>\t\t\t        <\/div> \n\n\t\t\t        <div class=\"content-wrap\">\n\t\t\t            Es ist der ideale Ort f\u00fcr diejenigen, die sich einen erholsamen Urlaub voller Komfort w\u00fcnschen, und gleichzeitig sportlich aktiv sein m\u00f6chten.\t\t\t        <\/div>\n\t\t\t    <\/div>\n\t\t    \t\t\t\t<div class=\"master-icon-text list-item\">\n\t\t\t        <div class=\"icon-wrap\">\n\t\t\t\t        <i aria-hidden=\"true\" class=\"ci-tick\"><\/i>\t\t\t        <\/div> \n\n\t\t\t        <div class=\"content-wrap\">\n\t\t\t            Das Hotel bietet f\u00fcnf verschiedene Zimmertypen, die sich f\u00fcr Paare, Familien, Gruppen von Freunden usw. eignen.\t\t\t        <\/div>\n\t\t\t    <\/div>\n\t\t    \t\t<\/div>\n\t\t\t\t\t<\/div>\n\t\t\t\t<\/div>\n\t\t\t\t<div class=\"elementor-element elementor-element-9d7353f elementor-widget elementor-widget-spacer\" data-id=\"9d7353f\" data-element_type=\"widget\" data-e-type=\"widget\" data-widget_type=\"spacer.default\">\n\t\t\t\t<div class=\"elementor-widget-container\">\n\t\t\t\t\t\t\t<div class=\"elementor-spacer\">\n\t\t\t<div class=\"elementor-spacer-inner\"><\/div>\n\t\t<\/div>\n\t\t\t\t\t\t<\/div>\n\t\t\t\t<\/div>\n\t\t\t\t<div class=\"elementor-element elementor-element-2111937 elementor-widget elementor-widget-heading\" data-id=\"2111937\" data-element_type=\"widget\" data-e-type=\"widget\" data-widget_type=\"heading.default\">\n\t\t\t\t<div class=\"elementor-widget-container\">\n\t\t\t\t\t<p class=\"elementor-heading-title elementor-size-default\">Ein ideales Hotel f\u00fcr Familien\u2026<\/p>\t\t\t\t<\/div>\n\t\t\t\t<\/div>\n\t\t\t\t<div class=\"elementor-element elementor-element-59c79d7 elementor-widget elementor-widget-text-editor\" data-id=\"59c79d7\" data-element_type=\"widget\" data-e-type=\"widget\" data-widget_type=\"text-editor.default\">\n\t\t\t\t<div class=\"elementor-widget-container\">\n\t\t\t\t\t\t\t\t\tDas Hotel Punto Verde bietet Ihnen den idealen Aufenthalt mit Kindern. Mit einem gut ausgestatteten Spielbereich und einem Kindermen\u00fcservice (gegen Aufpreis) wird den Bed\u00fcrfnissen der Kinder besondere Aufmerksamkeit geschenkt.\u00a0<a href=\"\/de\/kundendienst\/kinder\/\">Weitere Informationen&#8230;<\/a>\t\t\t\t\t\t\t\t<\/div>\n\t\t\t\t<\/div>\n\t\t\t\t<div class=\"elementor-element elementor-element-bbfe84d elementor-widget elementor-widget-spacer\" data-id=\"bbfe84d\" data-element_type=\"widget\" data-e-type=\"widget\" data-widget_type=\"spacer.default\">\n\t\t\t\t<div class=\"elementor-widget-container\">\n\t\t\t\t\t\t\t<div class=\"elementor-spacer\">\n\t\t\t<div class=\"elementor-spacer-inner\"><\/div>\n\t\t<\/div>\n\t\t\t\t\t\t<\/div>\n\t\t\t\t<\/div>\n\t\t\t\t\t<\/div>\n\t\t<\/div>\n\t\t\t\t\t<\/div>\n\t\t<\/section>\n\t\t\t\t<\/div>\n\t\t","protected":false},"excerpt":{"rendered":"<p>Hotel \u2605 \u2605 \u2605 in Marina di Campo Das Hotel Punto Verde wurde vor kurzem von Romina und Matteo, den beiden jungen Elbanischen Besitzern und Managern, mit einem k\u00fcnstlerischen und jugendlichen Touch renoviert. Terrassen mit wundersch\u00f6nen roten Blumen, tropischen Pflanzen, Majolikab\u00f6den und kunsthandwerklichen Dekorationen lassen Sie eine typisch mediterrane Atmosph\u00e4re<\/p>\n","protected":false},"author":1,"featured_media":0,"parent":0,"menu_order":1,"comment_status":"closed","ping_status":"closed","template":"elementor_header_footer","meta":{"inline_featured_image":false,"_joinchat":[],"footnotes":""},"class_list":["post-5592","page","type-page","status-publish","hentry"],"yoast_head":"<!-- This site is optimized with the Yoast SEO plugin v27.3 - https:\/\/yoast.com\/product\/yoast-seo-wordpress\/ -->\n<title>Hotel Punto Verde - Marina di Campo, Insel Elba<\/title>\n<meta name=\"description\" content=\"Das Hotel Punto Verde wurde vor kurzem von Romina und Matteo, den beiden jungen Elbanischen Besitzern und Managern, mit einem k\u00fcnstlerischen und jugendlichen Touch renoviert.\" \/>\n<meta name=\"robots\" content=\"index, follow, max-snippet:-1, max-image-preview:large, max-video-preview:-1\" \/>\n<link rel=\"canonical\" href=\"https:\/\/www.puntoverdehotel.it\/de\/hotel\/\" \/>\n<meta property=\"og:locale\" content=\"de_DE\" \/>\n<meta property=\"og:type\" content=\"article\" \/>\n<meta property=\"og:title\" content=\"Hotel Punto Verde - Marina di Campo, Insel Elba\" \/>\n<meta property=\"og:description\" content=\"Das Hotel Punto Verde wurde vor kurzem von Romina und Matteo, den beiden jungen Elbanischen Besitzern und Managern, mit einem k\u00fcnstlerischen und jugendlichen Touch renoviert.\" \/>\n<meta property=\"og:url\" content=\"https:\/\/www.puntoverdehotel.it\/de\/hotel\/\" \/>\n<meta property=\"og:site_name\" content=\"Hotel Punto Verde\" \/>\n<meta property=\"article:publisher\" content=\"https:\/\/www.facebook.com\/HotelPuntoVerde\" \/>\n<meta property=\"article:modified_time\" content=\"2024-05-30T07:30:56+00:00\" \/>\n<meta property=\"og:image\" content=\"https:\/\/www.puntoverdehotel.it\/wp-content\/uploads\/img_home_esterno_2.jpg\" \/>\n<meta name=\"twitter:card\" content=\"summary_large_image\" \/>\n<meta name=\"twitter:label1\" content=\"Gesch\u00e4tzte Lesezeit\" \/>\n\t<meta name=\"twitter:data1\" content=\"2\u00a0Minuten\" \/>\n<script type=\"application\/ld+json\" class=\"yoast-schema-graph\">{\"@context\":\"https:\\\/\\\/schema.org\",\"@graph\":[{\"@type\":\"WebPage\",\"@id\":\"https:\\\/\\\/www.puntoverdehotel.it\\\/de\\\/hotel\\\/\",\"url\":\"https:\\\/\\\/www.puntoverdehotel.it\\\/de\\\/hotel\\\/\",\"name\":\"Hotel Punto Verde - Marina di Campo, Insel Elba\",\"isPartOf\":{\"@id\":\"https:\\\/\\\/www.puntoverdehotel.it\\\/de\\\/#website\"},\"primaryImageOfPage\":{\"@id\":\"https:\\\/\\\/www.puntoverdehotel.it\\\/de\\\/hotel\\\/#primaryimage\"},\"image\":{\"@id\":\"https:\\\/\\\/www.puntoverdehotel.it\\\/de\\\/hotel\\\/#primaryimage\"},\"thumbnailUrl\":\"https:\\\/\\\/www.puntoverdehotel.it\\\/wp-content\\\/uploads\\\/img_home_esterno_2.jpg\",\"datePublished\":\"2023-01-25T16:07:28+00:00\",\"dateModified\":\"2024-05-30T07:30:56+00:00\",\"description\":\"Das Hotel Punto Verde wurde vor kurzem von Romina und Matteo, den beiden jungen Elbanischen Besitzern und Managern, mit einem k\u00fcnstlerischen und jugendlichen Touch renoviert.\",\"breadcrumb\":{\"@id\":\"https:\\\/\\\/www.puntoverdehotel.it\\\/de\\\/hotel\\\/#breadcrumb\"},\"inLanguage\":\"de\",\"potentialAction\":[{\"@type\":\"ReadAction\",\"target\":[\"https:\\\/\\\/www.puntoverdehotel.it\\\/de\\\/hotel\\\/\"]}]},{\"@type\":\"ImageObject\",\"inLanguage\":\"de\",\"@id\":\"https:\\\/\\\/www.puntoverdehotel.it\\\/de\\\/hotel\\\/#primaryimage\",\"url\":\"https:\\\/\\\/www.puntoverdehotel.it\\\/wp-content\\\/uploads\\\/img_home_esterno_2.jpg\",\"contentUrl\":\"https:\\\/\\\/www.puntoverdehotel.it\\\/wp-content\\\/uploads\\\/img_home_esterno_2.jpg\"},{\"@type\":\"BreadcrumbList\",\"@id\":\"https:\\\/\\\/www.puntoverdehotel.it\\\/de\\\/hotel\\\/#breadcrumb\",\"itemListElement\":[{\"@type\":\"ListItem\",\"position\":1,\"name\":\"Home\",\"item\":\"https:\\\/\\\/www.puntoverdehotel.it\\\/de\\\/\"},{\"@type\":\"ListItem\",\"position\":2,\"name\":\"Hotel\"}]},{\"@type\":\"WebSite\",\"@id\":\"https:\\\/\\\/www.puntoverdehotel.it\\\/de\\\/#website\",\"url\":\"https:\\\/\\\/www.puntoverdehotel.it\\\/de\\\/\",\"name\":\"Hotel Punto Verde\",\"description\":\"Marina di Campo, Insel Elba\",\"publisher\":{\"@id\":\"https:\\\/\\\/www.puntoverdehotel.it\\\/de\\\/#organization\"},\"potentialAction\":[{\"@type\":\"SearchAction\",\"target\":{\"@type\":\"EntryPoint\",\"urlTemplate\":\"https:\\\/\\\/www.puntoverdehotel.it\\\/de\\\/?s={search_term_string}\"},\"query-input\":{\"@type\":\"PropertyValueSpecification\",\"valueRequired\":true,\"valueName\":\"search_term_string\"}}],\"inLanguage\":\"de\"},{\"@type\":\"Organization\",\"@id\":\"https:\\\/\\\/www.puntoverdehotel.it\\\/de\\\/#organization\",\"name\":\"Hotel Punto Verde\",\"url\":\"https:\\\/\\\/www.puntoverdehotel.it\\\/de\\\/\",\"logo\":{\"@type\":\"ImageObject\",\"inLanguage\":\"de\",\"@id\":\"https:\\\/\\\/www.puntoverdehotel.it\\\/de\\\/#\\\/schema\\\/logo\\\/image\\\/\",\"url\":\"https:\\\/\\\/www.puntoverdehotel.it\\\/wp-content\\\/uploads\\\/hotel_punto_verde-1.png\",\"contentUrl\":\"https:\\\/\\\/www.puntoverdehotel.it\\\/wp-content\\\/uploads\\\/hotel_punto_verde-1.png\",\"width\":500,\"height\":124,\"caption\":\"Hotel Punto Verde\"},\"image\":{\"@id\":\"https:\\\/\\\/www.puntoverdehotel.it\\\/de\\\/#\\\/schema\\\/logo\\\/image\\\/\"},\"sameAs\":[\"https:\\\/\\\/www.facebook.com\\\/HotelPuntoVerde\",\"https:\\\/\\\/www.instagram.com\\\/hotel_puntoverde\\\/\"]}]}<\/script>\n<!-- \/ Yoast SEO plugin. -->","yoast_head_json":{"title":"Hotel Punto Verde - Marina di Campo, Insel Elba","description":"Das Hotel Punto Verde wurde vor kurzem von Romina und Matteo, den beiden jungen Elbanischen Besitzern und Managern, mit einem k\u00fcnstlerischen und jugendlichen Touch renoviert.","robots":{"index":"index","follow":"follow","max-snippet":"max-snippet:-1","max-image-preview":"max-image-preview:large","max-video-preview":"max-video-preview:-1"},"canonical":"https:\/\/www.puntoverdehotel.it\/de\/hotel\/","og_locale":"de_DE","og_type":"article","og_title":"Hotel Punto Verde - Marina di Campo, Insel Elba","og_description":"Das Hotel Punto Verde wurde vor kurzem von Romina und Matteo, den beiden jungen Elbanischen Besitzern und Managern, mit einem k\u00fcnstlerischen und jugendlichen Touch renoviert.","og_url":"https:\/\/www.puntoverdehotel.it\/de\/hotel\/","og_site_name":"Hotel Punto Verde","article_publisher":"https:\/\/www.facebook.com\/HotelPuntoVerde","article_modified_time":"2024-05-30T07:30:56+00:00","og_image":[{"url":"https:\/\/www.puntoverdehotel.it\/wp-content\/uploads\/img_home_esterno_2.jpg","type":"","width":"","height":""}],"twitter_card":"summary_large_image","twitter_misc":{"Gesch\u00e4tzte Lesezeit":"2\u00a0Minuten"},"schema":{"@context":"https:\/\/schema.org","@graph":[{"@type":"WebPage","@id":"https:\/\/www.puntoverdehotel.it\/de\/hotel\/","url":"https:\/\/www.puntoverdehotel.it\/de\/hotel\/","name":"Hotel Punto Verde - Marina di Campo, Insel Elba","isPartOf":{"@id":"https:\/\/www.puntoverdehotel.it\/de\/#website"},"primaryImageOfPage":{"@id":"https:\/\/www.puntoverdehotel.it\/de\/hotel\/#primaryimage"},"image":{"@id":"https:\/\/www.puntoverdehotel.it\/de\/hotel\/#primaryimage"},"thumbnailUrl":"https:\/\/www.puntoverdehotel.it\/wp-content\/uploads\/img_home_esterno_2.jpg","datePublished":"2023-01-25T16:07:28+00:00","dateModified":"2024-05-30T07:30:56+00:00","description":"Das Hotel Punto Verde wurde vor kurzem von Romina und Matteo, den beiden jungen Elbanischen Besitzern und Managern, mit einem k\u00fcnstlerischen und jugendlichen Touch renoviert.","breadcrumb":{"@id":"https:\/\/www.puntoverdehotel.it\/de\/hotel\/#breadcrumb"},"inLanguage":"de","potentialAction":[{"@type":"ReadAction","target":["https:\/\/www.puntoverdehotel.it\/de\/hotel\/"]}]},{"@type":"ImageObject","inLanguage":"de","@id":"https:\/\/www.puntoverdehotel.it\/de\/hotel\/#primaryimage","url":"https:\/\/www.puntoverdehotel.it\/wp-content\/uploads\/img_home_esterno_2.jpg","contentUrl":"https:\/\/www.puntoverdehotel.it\/wp-content\/uploads\/img_home_esterno_2.jpg"},{"@type":"BreadcrumbList","@id":"https:\/\/www.puntoverdehotel.it\/de\/hotel\/#breadcrumb","itemListElement":[{"@type":"ListItem","position":1,"name":"Home","item":"https:\/\/www.puntoverdehotel.it\/de\/"},{"@type":"ListItem","position":2,"name":"Hotel"}]},{"@type":"WebSite","@id":"https:\/\/www.puntoverdehotel.it\/de\/#website","url":"https:\/\/www.puntoverdehotel.it\/de\/","name":"Hotel Punto Verde","description":"Marina di Campo, Insel Elba","publisher":{"@id":"https:\/\/www.puntoverdehotel.it\/de\/#organization"},"potentialAction":[{"@type":"SearchAction","target":{"@type":"EntryPoint","urlTemplate":"https:\/\/www.puntoverdehotel.it\/de\/?s={search_term_string}"},"query-input":{"@type":"PropertyValueSpecification","valueRequired":true,"valueName":"search_term_string"}}],"inLanguage":"de"},{"@type":"Organization","@id":"https:\/\/www.puntoverdehotel.it\/de\/#organization","name":"Hotel Punto Verde","url":"https:\/\/www.puntoverdehotel.it\/de\/","logo":{"@type":"ImageObject","inLanguage":"de","@id":"https:\/\/www.puntoverdehotel.it\/de\/#\/schema\/logo\/image\/","url":"https:\/\/www.puntoverdehotel.it\/wp-content\/uploads\/hotel_punto_verde-1.png","contentUrl":"https:\/\/www.puntoverdehotel.it\/wp-content\/uploads\/hotel_punto_verde-1.png","width":500,"height":124,"caption":"Hotel Punto Verde"},"image":{"@id":"https:\/\/www.puntoverdehotel.it\/de\/#\/schema\/logo\/image\/"},"sameAs":["https:\/\/www.facebook.com\/HotelPuntoVerde","https:\/\/www.instagram.com\/hotel_puntoverde\/"]}]}},"_links":{"self":[{"href":"https:\/\/www.puntoverdehotel.it\/de\/wp-json\/wp\/v2\/pages\/5592","targetHints":{"allow":["GET"]}}],"collection":[{"href":"https:\/\/www.puntoverdehotel.it\/de\/wp-json\/wp\/v2\/pages"}],"about":[{"href":"https:\/\/www.puntoverdehotel.it\/de\/wp-json\/wp\/v2\/types\/page"}],"author":[{"embeddable":true,"href":"https:\/\/www.puntoverdehotel.it\/de\/wp-json\/wp\/v2\/users\/1"}],"replies":[{"embeddable":true,"href":"https:\/\/www.puntoverdehotel.it\/de\/wp-json\/wp\/v2\/comments?post=5592"}],"version-history":[{"count":10,"href":"https:\/\/www.puntoverdehotel.it\/de\/wp-json\/wp\/v2\/pages\/5592\/revisions"}],"predecessor-version":[{"id":6873,"href":"https:\/\/www.puntoverdehotel.it\/de\/wp-json\/wp\/v2\/pages\/5592\/revisions\/6873"}],"wp:attachment":[{"href":"https:\/\/www.puntoverdehotel.it\/de\/wp-json\/wp\/v2\/media?parent=5592"}],"curies":[{"name":"wp","href":"https:\/\/api.w.org\/{rel}","templated":true}]}}